{"id":77,"date":"2016-12-05T04:56:01","date_gmt":"2016-12-05T04:56:01","guid":{"rendered":"http:\/\/localhost\/buildpro\/?page_id=77"},"modified":"2022-11-16T18:13:40","modified_gmt":"2022-11-16T18:13:40","slug":"iletisim","status":"publish","type":"page","link":"http:\/\/www.erfer.com.tr\/en\/iletisim\/","title":{"rendered":"Contact"},"content":{"rendered":"<p>[vc_row][vc_column offset=&#8221;vc_col-md-8&#8243;]\t<div class=\"de_tab tab_style_2\">\n\t\t        <div class=\"de_tab_content tc_style-1\">\n        \t            <div id=\"tab0\">\n                <div class=\"row\">\n                    <div class=\"col-md-6\">\n                    \t<iframe loading=\"lazy\" src=\"https:\/\/www.google.com\/maps\/embed?pb=!1m18!1m12!1m3!1d3002.922830996951!2d28.89287221566948!3d41.17985031679747!2m3!1f0!2f0!3f0!3m2!1i1024!2i768!4f13.1!3m3!1m2!1s0x14cab2e6185c1e65%3A0x80c70633062c8508!2zR8O2a3TDvHJrIE1lcmtleiBNYWhhbGxlc2ksIEhpbGFsIFNrLCAzNDA3NyBFecO8cC_EsHN0YW5idWw!5e0!3m2!1str!2str!4v1554831018187!5m2!1str!2str\" width=\"100%\" height=\"380\" frameborder=\"0\" style=\"border:0\" allowfullscreen><\/iframe>                    <\/div>\n                    <div class=\"col-md-6\">\n                    \t<address class=\"address-style-2\">\n<span><strong>Adres:<\/strong>Maslak Mah. Aos 55 Sok. B Blok Apt no:4\/542 SARIYER\/\u0130STANBUL\/T\u00dcRK\u0130YE\n<\/span>\n<span><strong>Mobile:<\/strong> +90 537 543 66 33<\/span>\n<span><strong>Email:<\/strong><a href=\"info@erfer.com.tr\">info@erfer.com.tr<\/a><\/span>\n<\/address>                    <\/div>\n                <\/div>\n            <\/div>\n                    <\/div>\n    <\/div>\n\n[vc_empty_space height=&#8221;10px&#8221;][\/vc_column][vc_column offset=&#8221;vc_col-md-4&#8243;]<div role=\"form\" class=\"wpcf7\" id=\"wpcf7-f76-o1\" lang=\"en-US\" dir=\"ltr\">\n<div class=\"screen-reader-response\"><p role=\"status\" aria-live=\"polite\" aria-atomic=\"true\"><\/p> <ul><\/ul><\/div>\n<form action=\"\/en\/wp-json\/wp\/v2\/pages\/77#wpcf7-f76-o1\" method=\"post\" class=\"wpcf7-form init\" novalidate=\"novalidate\" data-status=\"init\">\n<div style=\"display: none;\">\n<input type=\"hidden\" name=\"_wpcf7\" value=\"76\" \/>\n<input type=\"hidden\" name=\"_wpcf7_version\" value=\"5.6.4\" \/>\n<input type=\"hidden\" name=\"_wpcf7_locale\" value=\"en_US\" \/>\n<input type=\"hidden\" name=\"_wpcf7_unit_tag\" value=\"wpcf7-f76-o1\" \/>\n<input type=\"hidden\" name=\"_wpcf7_container_post\" value=\"0\" \/>\n<input type=\"hidden\" name=\"_wpcf7_posted_data_hash\" value=\"\" \/>\n<input type=\"hidden\" name=\"lang\" value=\"en\" \/>\n<\/div>\n<div id='contact_form' class=\"padding30\" data-bgcolor=\"#f5f5f5\">\n<h3>\u0130leti\u015fim Formu<span class=\"tiny-border\"><\/span><\/h3>\n<div class=\"row\">\n<div class=\"col-md-12\">\n<div id='name_error' class='error'>Please enter your name.<\/div>\n<div>\n\t\t\t\t<span class=\"wpcf7-form-control-wrap\" data-name=\"your-name\"><input type=\"text\" name=\"your-name\" value=\"\" size=\"40\" class=\"wpcf7-form-control wpcf7-text wpcf7-validates-as-required form-control\" aria-required=\"true\" aria-invalid=\"false\" placeholder=\"\u0130sminiz\" \/><\/span>\n\t\t\t<\/div>\n<div>\n\t\t\t\t<span class=\"wpcf7-form-control-wrap\" data-name=\"your-email\"><input type=\"email\" name=\"your-email\" value=\"\" size=\"40\" class=\"wpcf7-form-control wpcf7-text wpcf7-email wpcf7-validates-as-required wpcf7-validates-as-email form-control\" aria-required=\"true\" aria-invalid=\"false\" placeholder=\"Email adresiniz\" \/><\/span>\n\t\t\t<\/div>\n<div>\n\t\t\t\t<span class=\"wpcf7-form-control-wrap\" data-name=\"your-phone\"><input type=\"tel\" name=\"your-phone\" value=\"\" size=\"40\" class=\"wpcf7-form-control wpcf7-text wpcf7-tel wpcf7-validates-as-tel form-control\" aria-invalid=\"false\" placeholder=\"Telefon numaran\u0131z\" \/><\/span>\n\t\t\t<\/div>\n<div>\n\t\t\t\t<span class=\"wpcf7-form-control-wrap\" data-name=\"your-message\"><textarea name=\"your-message\" cols=\"40\" rows=\"10\" class=\"wpcf7-form-control wpcf7-textarea wpcf7-validates-as-required form-control\" aria-required=\"true\" aria-invalid=\"false\" placeholder=\"Mesaj\u0131n\u0131z\"><\/textarea><\/span>\n\t\t\t<\/div>\n<\/div>\n<div class=\"col-md-12\">\n<div id='submit'>\n\t\t\t\t<input type=\"submit\" value=\"G\u00f6nder\" class=\"wpcf7-form-control has-spinner wpcf7-submit btn btn-line\" \/>\n\t\t\t<\/div>\n<\/div>\n<\/div>\n<\/div>\n<div class=\"wpcf7-response-output\" aria-hidden=\"true\"><\/div><\/form><\/div>[\/vc_column][\/vc_row]<\/p>\n","protected":false},"excerpt":{"rendered":"<p>[vc_row][vc_column offset=&#8221;vc_col-md-8&#8243;][vc_empty_space height=&#8221;10px&#8221;][\/vc_column][vc_column offset=&#8221;vc_col-md-4&#8243;][\/vc_column][\/vc_row]<\/p>\n","protected":false},"author":1,"featured_media":0,"parent":0,"menu_order":0,"comment_status":"closed","ping_status":"closed","template":"page-templates\/template-fullwidth.php","meta":{"footnotes":""},"class_list":["post-77","page","type-page","status-publish","hentry"],"yoast_head":"<!-- This site is optimized with the Yoast SEO plugin v19.10 - https:\/\/yoast.com\/wordpress\/plugins\/seo\/ -->\n<title>Contact - Erfer Yap\u0131<\/title>\n<meta name=\"description\" content=\"Erfer Yap\u0131 ileti\u015fim bilgileri. G\u00f6kt\u00fcrk Merkez Mah. Hilal Sok. 40 \u0130z Sit. A Blok Apt. No:3A\/4 EY\u00dcPSULTAN\/\u0130STANBUL\/T\u00dcRK\u0130YE Telefon:+90212 403 03 16\" \/>\n<meta name=\"robots\" content=\"index, follow, max-snippet:-1, max-image-preview:large, max-video-preview:-1\" \/>\n<link rel=\"canonical\" href=\"http:\/\/www.erfer.com.tr\/en\/iletisim\/\" \/>\n<meta property=\"og:locale\" content=\"en_US\" \/>\n<meta property=\"og:type\" content=\"article\" \/>\n<meta property=\"og:title\" content=\"Contact\" \/>\n<meta property=\"og:description\" content=\"Erfer Yap\u0131 ileti\u015fim bilgileri. G\u00f6kt\u00fcrk Merkez Mah. Hilal Sok. 40 \u0130z Sit. A Blok Apt. No:3A\/4 EY\u00dcPSULTAN\/\u0130STANBUL\/T\u00dcRK\u0130YE Telefon:+90212 403 03 16\" \/>\n<meta property=\"og:url\" content=\"http:\/\/www.erfer.com.tr\/en\/iletisim\/\" \/>\n<meta property=\"og:site_name\" content=\"Erfer\" \/>\n<meta property=\"article:modified_time\" content=\"2022-11-16T18:13:40+00:00\" \/>\n<meta name=\"twitter:card\" content=\"summary_large_image\" \/>\n<meta name=\"twitter:label1\" content=\"Est. reading time\" \/>\n\t<meta name=\"twitter:data1\" content=\"1 minute\" \/>\n<script type=\"application\/ld+json\" class=\"yoast-schema-graph\">{\"@context\":\"https:\/\/schema.org\",\"@graph\":[{\"@type\":\"WebPage\",\"@id\":\"http:\/\/www.erfer.com.tr\/en\/iletisim\/\",\"url\":\"http:\/\/www.erfer.com.tr\/en\/iletisim\/\",\"name\":\"[:en]Contact[:tr]\u0130leti\u015fim[:] - Erfer Yap\u0131\",\"isPartOf\":{\"@id\":\"http:\/\/www.erfer.com.tr\/en\/#website\"},\"datePublished\":\"2016-12-05T04:56:01+00:00\",\"dateModified\":\"2022-11-16T18:13:40+00:00\",\"description\":\"Erfer Yap\u0131 ileti\u015fim bilgileri. G\u00f6kt\u00fcrk Merkez Mah. Hilal Sok. 40 \u0130z Sit. A Blok Apt. No:3A\/4 EY\u00dcPSULTAN\/\u0130STANBUL\/T\u00dcRK\u0130YE Telefon:+90212 403 03 16\",\"breadcrumb\":{\"@id\":\"http:\/\/www.erfer.com.tr\/en\/iletisim\/#breadcrumb\"},\"inLanguage\":\"en-US\",\"potentialAction\":[{\"@type\":\"ReadAction\",\"target\":[\"http:\/\/www.erfer.com.tr\/en\/iletisim\/\"]}]},{\"@type\":\"BreadcrumbList\",\"@id\":\"http:\/\/www.erfer.com.tr\/en\/iletisim\/#breadcrumb\",\"itemListElement\":[{\"@type\":\"ListItem\",\"position\":1,\"name\":\"Home\",\"item\":\"http:\/\/www.erfer.com.tr\/en\/\"},{\"@type\":\"ListItem\",\"position\":2,\"name\":\"Contact\"}]},{\"@type\":\"WebSite\",\"@id\":\"http:\/\/www.erfer.com.tr\/en\/#website\",\"url\":\"http:\/\/www.erfer.com.tr\/en\/\",\"name\":\"Erfer\",\"description\":\"ERFER \u0130n\u015faat\",\"potentialAction\":[{\"@type\":\"SearchAction\",\"target\":{\"@type\":\"EntryPoint\",\"urlTemplate\":\"http:\/\/www.erfer.com.tr\/en\/?s={search_term_string}\"},\"query-input\":\"required name=search_term_string\"}],\"inLanguage\":\"en-US\"}]}<\/script>\n<!-- \/ Yoast SEO plugin. -->","yoast_head_json":{"title":"Contact - Erfer Yap\u0131","description":"Erfer Yap\u0131 ileti\u015fim bilgileri. G\u00f6kt\u00fcrk Merkez Mah. Hilal Sok. 40 \u0130z Sit. A Blok Apt. No:3A\/4 EY\u00dcPSULTAN\/\u0130STANBUL\/T\u00dcRK\u0130YE Telefon:+90212 403 03 16","robots":{"index":"index","follow":"follow","max-snippet":"max-snippet:-1","max-image-preview":"max-image-preview:large","max-video-preview":"max-video-preview:-1"},"canonical":"http:\/\/www.erfer.com.tr\/en\/iletisim\/","og_locale":"en_US","og_type":"article","og_title":"[:en]Contact[:tr]\u0130leti\u015fim[:] - Erfer Yap\u0131","og_description":"Erfer Yap\u0131 ileti\u015fim bilgileri. G\u00f6kt\u00fcrk Merkez Mah. Hilal Sok. 40 \u0130z Sit. A Blok Apt. No:3A\/4 EY\u00dcPSULTAN\/\u0130STANBUL\/T\u00dcRK\u0130YE Telefon:+90212 403 03 16","og_url":"http:\/\/www.erfer.com.tr\/en\/iletisim\/","og_site_name":"Erfer","article_modified_time":"2022-11-16T18:13:40+00:00","twitter_card":"summary_large_image","twitter_misc":{"Est. reading time":"1 minute"},"schema":{"@context":"https:\/\/schema.org","@graph":[{"@type":"WebPage","@id":"http:\/\/www.erfer.com.tr\/en\/iletisim\/","url":"http:\/\/www.erfer.com.tr\/en\/iletisim\/","name":"[:en]Contact[:tr]\u0130leti\u015fim[:] - Erfer Yap\u0131","isPartOf":{"@id":"http:\/\/www.erfer.com.tr\/en\/#website"},"datePublished":"2016-12-05T04:56:01+00:00","dateModified":"2022-11-16T18:13:40+00:00","description":"Erfer Yap\u0131 ileti\u015fim bilgileri. G\u00f6kt\u00fcrk Merkez Mah. Hilal Sok. 40 \u0130z Sit. A Blok Apt. No:3A\/4 EY\u00dcPSULTAN\/\u0130STANBUL\/T\u00dcRK\u0130YE Telefon:+90212 403 03 16","breadcrumb":{"@id":"http:\/\/www.erfer.com.tr\/en\/iletisim\/#breadcrumb"},"inLanguage":"en-US","potentialAction":[{"@type":"ReadAction","target":["http:\/\/www.erfer.com.tr\/en\/iletisim\/"]}]},{"@type":"BreadcrumbList","@id":"http:\/\/www.erfer.com.tr\/en\/iletisim\/#breadcrumb","itemListElement":[{"@type":"ListItem","position":1,"name":"Home","item":"http:\/\/www.erfer.com.tr\/en\/"},{"@type":"ListItem","position":2,"name":"Contact"}]},{"@type":"WebSite","@id":"http:\/\/www.erfer.com.tr\/en\/#website","url":"http:\/\/www.erfer.com.tr\/en\/","name":"Erfer","description":"ERFER \u0130n\u015faat","potentialAction":[{"@type":"SearchAction","target":{"@type":"EntryPoint","urlTemplate":"http:\/\/www.erfer.com.tr\/en\/?s={search_term_string}"},"query-input":"required name=search_term_string"}],"inLanguage":"en-US"}]}},"_links":{"self":[{"href":"http:\/\/www.erfer.com.tr\/en\/wp-json\/wp\/v2\/pages\/77","targetHints":{"allow":["GET"]}}],"collection":[{"href":"http:\/\/www.erfer.com.tr\/en\/wp-json\/wp\/v2\/pages"}],"about":[{"href":"http:\/\/www.erfer.com.tr\/en\/wp-json\/wp\/v2\/types\/page"}],"author":[{"embeddable":true,"href":"http:\/\/www.erfer.com.tr\/en\/wp-json\/wp\/v2\/users\/1"}],"replies":[{"embeddable":true,"href":"http:\/\/www.erfer.com.tr\/en\/wp-json\/wp\/v2\/comments?post=77"}],"version-history":[{"count":10,"href":"http:\/\/www.erfer.com.tr\/en\/wp-json\/wp\/v2\/pages\/77\/revisions"}],"predecessor-version":[{"id":1529,"href":"http:\/\/www.erfer.com.tr\/en\/wp-json\/wp\/v2\/pages\/77\/revisions\/1529"}],"wp:attachment":[{"href":"http:\/\/www.erfer.com.tr\/en\/wp-json\/wp\/v2\/media?parent=77"}],"curies":[{"name":"wp","href":"https:\/\/api.w.org\/{rel}","templated":true}]}}